{"id":130,"date":"2025-09-12T11:42:42","date_gmt":"2025-09-12T08:42:42","guid":{"rendered":"https:\/\/diplomatica.tr\/?page_id=130"},"modified":"2026-02-28T23:08:37","modified_gmt":"2026-02-28T20:08:37","slug":"yazarlarimiz-3","status":"publish","type":"page","link":"https:\/\/diplomatica.tr\/?page_id=130","title":{"rendered":"Yazarlar\u0131m\u0131z"},"content":{"rendered":"\n<p>Berk Munar<\/p>\n\n\n\n<p>B\u00fc\u015fra T\u00fcrkmen<\/p>\n\n\n\n<p>Melih Arda Ayd\u0131n<\/p>\n","protected":false},"excerpt":{"rendered":"<p>Berk Munar B\u00fc\u015fra T\u00fcrkmen Melih Arda Ayd\u0131n<\/p>\n","protected":false},"author":1,"featured_media":0,"parent":0,"menu_order":0,"comment_status":"closed","ping_status":"closed","template":"","meta":{"footnotes":""},"class_list":["post-130","page","type-page","status-publish","hentry"],"_links":{"self":[{"href":"https:\/\/diplomatica.tr\/index.php?rest_route=\/wp\/v2\/pages\/130","targetHints":{"allow":["GET"]}}],"collection":[{"href":"https:\/\/diplomatica.tr\/index.php?rest_route=\/wp\/v2\/pages"}],"about":[{"href":"https:\/\/diplomatica.tr\/index.php?rest_route=\/wp\/v2\/types\/page"}],"author":[{"embeddable":true,"href":"https:\/\/diplomatica.tr\/index.php?rest_route=\/wp\/v2\/users\/1"}],"replies":[{"embeddable":true,"href":"https:\/\/diplomatica.tr\/index.php?rest_route=%2Fwp%2Fv2%2Fcomments&post=130"}],"version-history":[{"count":9,"href":"https:\/\/diplomatica.tr\/index.php?rest_route=\/wp\/v2\/pages\/130\/revisions"}],"predecessor-version":[{"id":1088,"href":"https:\/\/diplomatica.tr\/index.php?rest_route=\/wp\/v2\/pages\/130\/revisions\/1088"}],"wp:attachment":[{"href":"https:\/\/diplomatica.tr\/index.php?rest_route=%2Fwp%2Fv2%2Fmedia&parent=130"}],"curies":[{"name":"wp","href":"https:\/\/api.w.org\/{rel}","templated":true}]}}